{"id":29,"date":"2019-10-23T09:37:56","date_gmt":"2019-10-23T09:37:56","guid":{"rendered":"https:\/\/www.raumausstatter-hildermann.de\/?page_id=29"},"modified":"2019-11-06T14:20:25","modified_gmt":"2019-11-06T14:20:25","slug":"fliesen-service","status":"publish","type":"page","link":"https:\/\/www.raumausstatter-hildermann.de\/index.php\/fliesen-service\/","title":{"rendered":"Fliesen &#038; Platten"},"content":{"rendered":"\n<p>Fliesen und Natursteinplatten geben Ihrem Bad und Ihrer K\u00fcche den gew\u00fcnschten Charakter, von elegant bis verspielt, von nordisch bis arabisch. Bestens beraten und fachm\u00e4nnisch verlegt zeigen sich Ihre R\u00e4umlichkeiten mit neuen Fliesen von ihrer sch\u00f6nsten Seite.<\/p>\n","protected":false},"excerpt":{"rendered":"<p>Fliesen und Natursteinplatten geben Ihrem Bad und Ihrer K\u00fcche den gew\u00fcnschten Charakter, von elegant bis verspielt, von nordisch bis arabisch. Bestens beraten und fachm\u00e4nnisch verlegt&hellip;<\/p>\n","protected":false},"author":1,"featured_media":32,"parent":0,"menu_order":0,"comment_status":"closed","ping_status":"closed","template":"","meta":{"footnotes":""},"class_list":["post-29","page","type-page","status-publish","has-post-thumbnail","hentry"],"_links":{"self":[{"href":"https:\/\/www.raumausstatter-hildermann.de\/index.php\/wp-json\/wp\/v2\/pages\/29","targetHints":{"allow":["GET"]}}],"collection":[{"href":"https:\/\/www.raumausstatter-hildermann.de\/index.php\/wp-json\/wp\/v2\/pages"}],"about":[{"href":"https:\/\/www.raumausstatter-hildermann.de\/index.php\/wp-json\/wp\/v2\/types\/page"}],"author":[{"embeddable":true,"href":"https:\/\/www.raumausstatter-hildermann.de\/index.php\/wp-json\/wp\/v2\/users\/1"}],"replies":[{"embeddable":true,"href":"https:\/\/www.raumausstatter-hildermann.de\/index.php\/wp-json\/wp\/v2\/comments?post=29"}],"version-history":[{"count":5,"href":"https:\/\/www.raumausstatter-hildermann.de\/index.php\/wp-json\/wp\/v2\/pages\/29\/revisions"}],"predecessor-version":[{"id":157,"href":"https:\/\/www.raumausstatter-hildermann.de\/index.php\/wp-json\/wp\/v2\/pages\/29\/revisions\/157"}],"wp:featuredmedia":[{"embeddable":true,"href":"https:\/\/www.raumausstatter-hildermann.de\/index.php\/wp-json\/wp\/v2\/media\/32"}],"wp:attachment":[{"href":"https:\/\/www.raumausstatter-hildermann.de\/index.php\/wp-json\/wp\/v2\/media?parent=29"}],"curies":[{"name":"wp","href":"https:\/\/api.w.org\/{rel}","templated":true}]}}